{"id":114,"date":"2024-03-07T17:15:12","date_gmt":"2024-03-07T20:15:12","guid":{"rendered":"https:\/\/arqvagasbrasil.com\/?page_id=114"},"modified":"2025-06-15T15:02:02","modified_gmt":"2025-06-15T18:02:02","slug":"analise-e-selecao-de-candidatos","status":"publish","type":"page","link":"https:\/\/arqvagasbrasil.com\/index.php\/analise-e-selecao-de-candidatos\/","title":{"rendered":"Analise e sele\u00e7\u00e3o de candidatos"},"content":{"rendered":"\n<div class=\"wp-block-group alignfull has-text-color has-background is-layout-flow wp-block-group-is-layout-flow\" style=\"color:#000000;background-color:#ffffff\">\n<h2 class=\"wp-block-heading has-text-align-center\" id=\"schedule-a-visit\" style=\"font-size:clamp(32.969px, 2.061rem + ((1vw - 3.2px) * 2.958), 59px);px;line-height:1.15\"><strong>Analise e triagem de candidatos<\/strong><\/h2>\n\n\n\n<div class=\"wp-block-buttons is-horizontal is-content-justification-center is-layout-flex wp-container-core-buttons-is-layout-03627597 wp-block-buttons-is-layout-flex\">\n<div class=\"wp-block-button has-custom-width wp-block-button__width-50\"><a class=\"wp-block-button__link has-text-color has-background wp-element-button\" style=\"border-radius:50px;color:#ffffff;background-color:#000000\">Quero divulgar<\/a><\/div>\n<\/div>\n\n\n\n<div style=\"height:64px\" aria-hidden=\"true\" class=\"wp-block-spacer\"><\/div>\n<\/div>\n\n\n\n<div class=\"wp-block-group has-text-color has-background is-layout-flow wp-block-group-is-layout-flow\" style=\"color:#000000;background-color:#ffffff\">\n<p class=\"has-text-align-center\"><strong>Selecione entre tr\u00eas tipos de pacotes para analise e sele\u00e7\u00e3o de candidatos e beneficie-se de uma variedade de talentos para fazer parte da equipe na sua empresa<\/strong><\/p>\n<\/div>\n\n\n\n<div class=\"wp-block-group alignfull has-global-padding is-layout-constrained wp-block-group-is-layout-constrained\" style=\"margin-top:0px;margin-bottom:0px;padding-top:var(--wp--preset--spacing--xx-large);padding-bottom:var(--wp--preset--spacing--xx-large)\">\n<div class=\"wp-block-group alignwide is-layout-flow wp-block-group-is-layout-flow\" style=\"padding-bottom:var(--wp--preset--spacing--medium)\">\n<div class=\"wp-block-columns are-vertically-aligned-bottom is-layout-flex wp-container-core-columns-is-layout-398b3aa3 wp-block-columns-is-layout-flex\">\n<div class=\"wp-block-column is-vertically-aligned-bottom is-layout-flow wp-block-column-is-layout-flow\">\n<h2 class=\"wp-block-heading has-text-align-center has-x-large-font-size\" style=\"margin-top:0.25rem\">Planos de pre\u00e7os<\/h2>\n<\/div>\n<\/div>\n<\/div>\n\n\n\n<div class=\"wp-block-group alignwide is-layout-flow wp-block-group-is-layout-flow\">\n<div class=\"wp-block-columns are-vertically-aligned-top is-layout-flex wp-container-core-columns-is-layout-f619a8c7 wp-block-columns-is-layout-flex\">\n<div class=\"wp-block-column is-vertically-aligned-top is-layout-flow wp-block-column-is-layout-flow\">\n<div class=\"wp-block-group has-border-color has-quaternary-border-color has-global-padding is-layout-constrained wp-container-core-group-is-layout-5fbedae1 wp-block-group-is-layout-constrained\" style=\"border-width:1px;border-radius:10px;padding-top:var(--wp--preset--spacing--large);padding-right:var(--wp--preset--spacing--large);padding-bottom:var(--wp--preset--spacing--large);padding-left:var(--wp--preset--spacing--large)\">\n<h2 class=\"wp-block-heading has-text-align-center has-medium-font-size\" style=\"margin-top:0px;margin-right:0px;margin-bottom:0px;margin-left:0px\">Gold AVB<br>Pacote 1<\/h2>\n\n\n\n<div class=\"wp-block-group is-content-justification-center is-nowrap is-layout-flex wp-container-core-group-is-layout-825f615b wp-block-group-is-layout-flex\">\n<h6 class=\"wp-block-heading has-text-align-center has-xx-large-font-size\">R$ 350<\/h6>\n<\/div>\n\n\n\n<hr class=\"wp-block-separator has-text-color has-quaternary-color has-alpha-channel-opacity has-quaternary-background-color has-background is-style-wide-thin-line\"\/>\n\n\n\n<div class=\"wp-block-group has-global-padding is-layout-constrained wp-block-group-is-layout-constrained\">\n<p class=\"has-text-align-center\">Filtragem de CV (apenas filtramos o que recebemos das divulga\u00e7\u00f5es)<\/p>\n\n\n\n<hr class=\"wp-block-separator has-alpha-channel-opacity is-style-dotted\"\/>\n\n\n\n<p class=\"has-text-align-center\">Dura\u00e7\u00e3o de 3 semanas m\u00e1x<\/p>\n\n\n\n<hr class=\"wp-block-separator has-alpha-channel-opacity is-style-dotted\"\/>\n\n\n\n<p class=\"has-text-align-center\">M\u00e1x 2 vagas<\/p>\n\n\n\n<hr class=\"wp-block-separator has-alpha-channel-opacity is-style-dotted\"\/>\n\n\n\n<p class=\"has-text-align-center\">Divulga\u00e7\u00e3o 1 vez por semana em todos os canais (linkedin, instagram, canais whatsapp e telegram)<\/p>\n<\/div>\n\n\n\n<div class=\"wp-block-buttons is-layout-flex wp-block-buttons-is-layout-flex\" style=\"margin-top:var(--wp--preset--spacing--large)\">\n<div class=\"wp-block-button has-custom-width wp-block-button__width-100\"><a class=\"wp-block-button__link wp-element-button\" href=\"https:\/\/mpago.li\/2roWV1M\" target=\"_blank\" rel=\"noreferrer noopener\">Quero divulgar<\/a><\/div>\n<\/div>\n<\/div>\n<\/div>\n\n\n\n<div class=\"wp-block-column is-vertically-aligned-top is-layout-flow wp-block-column-is-layout-flow\">\n<div class=\"wp-block-group has-border-color has-quaternary-border-color has-global-padding is-layout-constrained wp-container-core-group-is-layout-5fbedae1 wp-block-group-is-layout-constrained\" style=\"border-width:1px;border-radius:10px;padding-top:var(--wp--preset--spacing--large);padding-right:var(--wp--preset--spacing--large);padding-bottom:var(--wp--preset--spacing--large);padding-left:var(--wp--preset--spacing--large)\">\n<h2 class=\"wp-block-heading has-text-align-center has-medium-font-size\" style=\"margin-top:0px;margin-right:0px;margin-bottom:0px;margin-left:0px\">Gold AVB&nbsp;<br>Pacote 2<\/h2>\n\n\n\n<div class=\"wp-block-group is-content-justification-center is-nowrap is-layout-flex wp-container-core-group-is-layout-825f615b wp-block-group-is-layout-flex\">\n<h6 class=\"wp-block-heading has-xx-large-font-size\">R$ 600<\/h6>\n<\/div>\n\n\n\n<hr class=\"wp-block-separator has-text-color has-quaternary-color has-alpha-channel-opacity has-quaternary-background-color has-background is-style-wide-thin-line\"\/>\n\n\n\n<div class=\"wp-block-group has-global-padding is-layout-constrained wp-block-group-is-layout-constrained\">\n<p class=\"has-text-align-center\">Filtragem de CV (apenas filtramos o que recebemos das divulga\u00e7\u00f5es)<\/p>\n\n\n\n<hr class=\"wp-block-separator has-alpha-channel-opacity is-style-dotted\"\/>\n\n\n\n<p class=\"has-text-align-center\">Entrevista e teste com entrega dos 3 melhores por vaga<\/p>\n\n\n\n<hr class=\"wp-block-separator has-alpha-channel-opacity is-style-dotted\"\/>\n\n\n\n<p class=\"has-text-align-center\">M\u00e1x 2 vagas<\/p>\n\n\n\n<hr class=\"wp-block-separator has-alpha-channel-opacity is-style-dotted\"\/>\n\n\n\n<p class=\"has-text-align-center\">Dura\u00e7\u00e3o de 3 semanas m\u00e1x<\/p>\n\n\n\n<hr class=\"wp-block-separator has-alpha-channel-opacity is-style-dotted\"\/>\n<\/div>\n\n\n\n<p class=\"has-text-align-center\">Op\u00e7\u00e3o personalizada de entrega de CVs (aprovados e reprovados)<\/p>\n\n\n\n<hr class=\"wp-block-separator has-alpha-channel-opacity is-style-dotted\"\/>\n\n\n\n<p class=\"has-text-align-center\">Divulga\u00e7\u00e3o 1 vez por semana em todos os canais (linkedin, instagram, canais whatsapp e telegram)<\/p>\n\n\n\n<div class=\"wp-block-buttons is-layout-flex wp-block-buttons-is-layout-flex\" style=\"margin-top:var(--wp--preset--spacing--large)\">\n<div class=\"wp-block-button has-custom-width wp-block-button__width-100\"><a class=\"wp-block-button__link wp-element-button\" href=\"https:\/\/mpago.li\/2mP8xon\" target=\"_blank\" rel=\"noreferrer noopener\">Quero divulgar<\/a><\/div>\n<\/div>\n<\/div>\n<\/div>\n\n\n\n<div class=\"wp-block-column is-vertically-aligned-top is-layout-flow wp-block-column-is-layout-flow\">\n<div class=\"wp-block-group has-border-color has-quaternary-border-color has-global-padding is-layout-constrained wp-container-core-group-is-layout-5fbedae1 wp-block-group-is-layout-constrained\" style=\"border-width:1px;border-radius:10px;padding-top:var(--wp--preset--spacing--large);padding-right:var(--wp--preset--spacing--large);padding-bottom:var(--wp--preset--spacing--large);padding-left:var(--wp--preset--spacing--large)\">\n<h2 class=\"wp-block-heading has-text-align-center has-medium-font-size\" style=\"margin-top:0px;margin-right:0px;margin-bottom:0px;margin-left:0px\">Gold &#8211; AVB<br>Pacote 3<\/h2>\n\n\n\n<div class=\"wp-block-group is-content-justification-center is-nowrap is-layout-flex wp-container-core-group-is-layout-825f615b wp-block-group-is-layout-flex\">\n<h6 class=\"wp-block-heading has-text-align-center has-xx-large-font-size\">r$ a consultar<\/h6>\n<\/div>\n\n\n\n<hr class=\"wp-block-separator has-text-color has-quaternary-color has-alpha-channel-opacity has-quaternary-background-color has-background is-style-wide-thin-line\"\/>\n\n\n\n<div class=\"wp-block-group has-global-padding is-layout-constrained wp-block-group-is-layout-constrained\">\n<p class=\"has-text-align-center\">Busca personalizada pelo talento (aqui n\u00f3s iremos fazer a vaga ser preenchida a qualquer custo)<\/p>\n\n\n\n<hr class=\"wp-block-separator has-alpha-channel-opacity is-style-dotted\"\/>\n\n\n\n<p class=\"has-text-align-center\">M\u00e1x 2 vagas<\/p>\n\n\n\n<hr class=\"wp-block-separator has-alpha-channel-opacity is-style-dotted\"\/>\n\n\n\n<p class=\"has-text-align-center\">&nbsp;Ser\u00e1 feita divulga\u00e7\u00e3o e filtragem de CV at\u00e9 conseguir o candidato<\/p>\n\n\n\n<hr class=\"wp-block-separator has-alpha-channel-opacity is-style-dotted\"\/>\n\n\n\n<p class=\"has-text-align-center\">Op\u00e7\u00e3o de entrevista comportamental e t\u00e9cnica a crit\u00e9rio o escrit\u00f3rio<\/p>\n<\/div>\n\n\n\n<hr class=\"wp-block-separator has-alpha-channel-opacity is-style-dotted\"\/>\n\n\n\n<p class=\"has-text-align-center\">Prazo m\u00e1ximo de 2 meses<\/p>\n\n\n\n<div class=\"wp-block-buttons is-layout-flex wp-block-buttons-is-layout-flex\" style=\"margin-top:var(--wp--preset--spacing--large)\">\n<div class=\"wp-block-button has-custom-width wp-block-button__width-100\"><a class=\"wp-block-button__link wp-element-button\" href=\"https:\/\/api.whatsapp.com\/send?phone=5569984215423\" target=\"_blank\" rel=\"noreferrer noopener\">Quero divulgar<\/a><\/div>\n<\/div>\n<\/div>\n<\/div>\n<\/div>\n<\/div>\n<\/div>\n\n\n\n<div class=\"wp-block-group alignfull has-tertiary-background-color has-background has-global-padding is-layout-constrained wp-block-group-is-layout-constrained\" style=\"margin-top:0px;margin-bottom:0px;padding-top:var(--wp--preset--spacing--xx-large);padding-bottom:var(--wp--preset--spacing--xx-large)\">\n<h2 class=\"wp-block-heading has-text-align-center\"><strong>Alcance potencial<\/strong><\/h2>\n\n\n\n<div class=\"wp-block-group alignwide is-layout-flow wp-block-group-is-layout-flow\">\n<div class=\"wp-block-columns is-layout-flex wp-container-core-columns-is-layout-28f84493 wp-block-columns-is-layout-flex\">\n<div class=\"wp-block-column is-layout-flow wp-block-column-is-layout-flow\">\n<h2 class=\"wp-block-heading has-text-align-center has-x-large-font-size\" style=\"margin-top:0.25rem\">240 mil<\/h2>\n\n\n\n<p class=\"has-text-align-center\"><strong>Seguidores&nbsp; nas redes sociais<\/strong><\/p>\n<\/div>\n\n\n\n<div class=\"wp-block-column is-layout-flow wp-block-column-is-layout-flow\">\n<h2 class=\"wp-block-heading has-text-align-center\">24 k<\/h2>\n\n\n\n<p class=\"has-text-align-center\"><strong>Candidatos em grupos no Telegram e WhatsApp<\/strong><\/p>\n<\/div>\n\n\n\n<div class=\"wp-block-column is-layout-flow wp-block-column-is-layout-flow\">\n<h2 class=\"wp-block-heading has-text-align-center\">1 milh\u00e3o<\/h2>\n\n\n\n<p class=\"has-text-align-center\"><strong>Engajamento mensal nas redes sociais<\/strong><\/p>\n<\/div>\n<\/div>\n<\/div>\n<\/div>\n\n\n\n<div class=\"wp-block-cover is-light has-custom-content-position is-position-top-center\"><span aria-hidden=\"true\" class=\"wp-block-cover__background has-tertiary-background-color has-background-dim-100 has-background-dim\"><\/span><div class=\"wp-block-cover__inner-container has-global-padding is-layout-constrained wp-block-cover-is-layout-constrained\">\n<p class=\"has-text-align-center has-large-font-size\"><strong>Informa\u00e7\u00f5es<\/strong><\/p>\n\n\n\n<p>Ao contratar o Pacote Gold &#8211; ARTE do AVB, o processo de triagem e analise de curriculo&nbsp;e portfolio \u00e9 realizado pela equipe do Arq Vagas Brasil, e ap\u00f3s isso ser\u00e1 enviado para o e-mail da empresa contrata somente aqueles que candidatos aprovados no processo de triagem e analise. Para que encontremos o candidato ideal, ser\u00e1 realizado junto com a empresa uma reuni\u00e3o online para que seja passado todas as informa\u00e7\u00f5es&nbsp;necess\u00e1ria&nbsp;para o processo de triagem e analise de curriculo e portfolio. Prazo de entrega dos candidatos aprovados ser\u00e3o definidos no momento da reuni\u00e3o pois pode varias de acordo com a quantidade de vagas e o prazo de aceita\u00e7\u00e3o de candidatos. Caso a empresa queria divulgar mais de 2 vagas nesse pacote&nbsp;ter\u00e1&nbsp;um valor personalizado. Para mais informa\u00e7\u00f5es entre em contato atrav\u00e9s do email&nbsp;<a href=\"mailto:arqvagasbrasil@gmail.com\">contato@arqvagasbrasil.com<\/a>&nbsp;ou whatsapp.<\/p>\n<\/div><\/div>\n\n\n\n<div class=\"wp-block-cover is-light has-custom-content-position is-position-top-center\" style=\"min-height:270px;aspect-ratio:unset;\"><span aria-hidden=\"true\" class=\"wp-block-cover__background has-tertiary-background-color has-background-dim-100 has-background-dim\"><\/span><div class=\"wp-block-cover__inner-container has-global-padding is-layout-constrained wp-block-cover-is-layout-constrained\">\n<p class=\"has-text-align-center has-large-font-size\"><strong>Como funciona para divulgar?<\/strong><\/p>\n\n\n\n<div class=\"wp-block-columns is-layout-flex wp-container-core-columns-is-layout-28f84493 wp-block-columns-is-layout-flex\">\n<div class=\"wp-block-column is-layout-flow wp-block-column-is-layout-flow\">\n<p class=\"has-text-align-center\"><strong>Fa\u00e7a o pagamento do pacote escolhido<\/strong><\/p>\n\n\n\n<p class=\"has-text-align-center\">Basta clicar no bot\u00e3o quero divulgar no pacote escolhido<\/p>\n<\/div>\n\n\n\n<div class=\"wp-block-column is-layout-flow wp-block-column-is-layout-flow\">\n<p class=\"has-text-align-center\"><strong>Envie um email ou uma mensagem no WhatsApp com o comprovante de pagamento e informa\u00e7\u00f5es da vag<\/strong>a<\/p>\n\n\n\n<p class=\"has-text-align-center\">Basta clicar no icone do WhatsAPP ou de email&nbsp;<\/p>\n<\/div>\n<\/div>\n<\/div><\/div>\n\n\n\n<div class=\"wp-block-cover is-light has-custom-content-position is-position-top-center\"><span aria-hidden=\"true\" class=\"wp-block-cover__background has-tertiary-background-color has-background-dim-100 has-background-dim\"><\/span><div class=\"wp-block-cover__inner-container has-global-padding is-layout-constrained wp-block-cover-is-layout-constrained\">\n<p class=\"has-text-align-center has-large-font-size\"><strong>Quais forma\u00e7\u00f5es precisa para a divulga\u00e7\u00e3o?<\/strong><\/p>\n\n\n\n<p class=\"has-text-align-center\"><strong>Informa\u00e7\u00f5es obrigat\u00f3rias<\/strong><\/p>\n\n\n\n<ul class=\"wp-block-list\">\n<li>Cidade&nbsp;<\/li>\n\n\n\n<li>Cargo&nbsp;<\/li>\n\n\n\n<li>Softwares<\/li>\n\n\n\n<li>Se caso a vaga exige experi\u00eancia, especifique&nbsp;<\/li>\n\n\n\n<li>Per\u00edodo de gradua\u00e7\u00e3o(Est\u00e1gio) ou tempo de formado (Emprego)<\/li>\n\n\n\n<li>Habilidades Pessoais (se for requisito da vaga)<\/li>\n\n\n\n<li>Caso seja Remoto ou Home office, especificar se aceita candidatos de todas as regi\u00f5es do pais ou somente um cidade especifica<\/li>\n\n\n\n<li>Se solicitar curriculo e\/ou portfolio<\/li>\n\n\n\n<li>Email para contato<\/li>\n<\/ul>\n<\/div><\/div>\n\n\n\n<div class=\"wp-block-group alignfull has-tertiary-background-color has-text-color has-background is-layout-flow wp-block-group-is-layout-flow\" style=\"color:#000000\">\n<div style=\"height:64px\" aria-hidden=\"true\" class=\"wp-block-spacer\"><\/div>\n\n\n\n<h2 class=\"wp-block-heading has-text-align-center\" id=\"schedule-a-visit\" style=\"font-size:clamp(32.969px, 2.061rem + ((1vw - 3.2px) * 2.958), 59px);px;line-height:1.15\"><strong><strong>Ainda com d\u00favida sobre como funciona a divulga\u00e7\u00e3o?<\/strong><\/strong><\/h2>\n\n\n\n<div class=\"wp-block-buttons is-horizontal is-content-justification-center is-layout-flex wp-container-core-buttons-is-layout-03627597 wp-block-buttons-is-layout-flex\">\n<div class=\"wp-block-button has-custom-width wp-block-button__width-50\"><a class=\"wp-block-button__link has-text-color has-background wp-element-button\" href=\"https:\/\/api.whatsapp.com\/send?phone=5569984215423\" style=\"border-radius:50px;color:#ffffff;background-color:#000000\" target=\"_blank\" rel=\"noreferrer noopener\">Entre em contato<\/a><\/div>\n<\/div>\n\n\n\n<div style=\"height:64px\" aria-hidden=\"true\" class=\"wp-block-spacer\"><\/div>\n<\/div>\n","protected":false},"excerpt":{"rendered":"<p>Analise e triagem de candidatos Selecione entre tr\u00eas tipos de pacotes para analise e sele\u00e7\u00e3o de candidatos e beneficie-se de uma variedade de talentos para fazer parte da equipe na sua empresa Planos de pre\u00e7os Gold AVBPacote 1 R$ 350 Filtragem de CV (apenas filtramos o que recebemos das divulga\u00e7\u00f5es) Dura\u00e7\u00e3o de 3 semanas m\u00e1x [&hellip;]<\/p>\n","protected":false},"author":1,"featured_media":0,"parent":0,"menu_order":0,"comment_status":"closed","ping_status":"closed","template":"no-title-space","meta":{"_eb_attr":"","om_disable_all_campaigns":false,"_monsterinsights_skip_tracking":false,"_monsterinsights_sitenote_active":false,"_monsterinsights_sitenote_note":"","_monsterinsights_sitenote_category":0,"_themeisle_gutenberg_block_has_review":false,"_joinchat":[],"footnotes":""},"class_list":["post-114","page","type-page","status-publish","hentry"],"aioseo_notices":[],"_links":{"self":[{"href":"https:\/\/arqvagasbrasil.com\/index.php\/wp-json\/wp\/v2\/pages\/114","targetHints":{"allow":["GET"]}}],"collection":[{"href":"https:\/\/arqvagasbrasil.com\/index.php\/wp-json\/wp\/v2\/pages"}],"about":[{"href":"https:\/\/arqvagasbrasil.com\/index.php\/wp-json\/wp\/v2\/types\/page"}],"author":[{"embeddable":true,"href":"https:\/\/arqvagasbrasil.com\/index.php\/wp-json\/wp\/v2\/users\/1"}],"replies":[{"embeddable":true,"href":"https:\/\/arqvagasbrasil.com\/index.php\/wp-json\/wp\/v2\/comments?post=114"}],"version-history":[{"count":7,"href":"https:\/\/arqvagasbrasil.com\/index.php\/wp-json\/wp\/v2\/pages\/114\/revisions"}],"predecessor-version":[{"id":592,"href":"https:\/\/arqvagasbrasil.com\/index.php\/wp-json\/wp\/v2\/pages\/114\/revisions\/592"}],"wp:attachment":[{"href":"https:\/\/arqvagasbrasil.com\/index.php\/wp-json\/wp\/v2\/media?parent=114"}],"curies":[{"name":"wp","href":"https:\/\/api.w.org\/{rel}","templated":true}]}}